{"id":73,"date":"2023-11-03T17:22:22","date_gmt":"2023-11-03T16:22:22","guid":{"rendered":"http:\/\/pidza.fr\/?page_id=73"},"modified":"2023-11-07T18:37:18","modified_gmt":"2023-11-07T17:37:18","slug":"tarifs","status":"publish","type":"page","link":"https:\/\/pidza.fr\/index.php\/tarifs\/","title":{"rendered":"TARIFS"},"content":{"rendered":"\t\t<div data-elementor-type=\"wp-page\" data-elementor-id=\"73\" class=\"elementor elementor-73\" data-elementor-post-type=\"page\">\n\t\t\t\t\t\t\t<div class=\"elementor-element elementor-element-6c36a19 e-con-full e-flex e-con e-parent\" data-id=\"6c36a19\" data-element_type=\"container\" data-settings=\"{&quot;content_width&quot;:&quot;full&quot;}\" data-core-v316-plus=\"true\">\n\t\t\t\t<div class=\"elementor-element elementor-element-d02781f elementor-widget elementor-widget-heading\" data-id=\"d02781f\" data-element_type=\"widget\" data-widget_type=\"heading.default\">\n\t\t\t\t<div class=\"elementor-widget-container\">\n\t\t\t<style>\/*! elementor - v3.17.0 - 01-11-2023 *\/\n.elementor-heading-title{padding:0;margin:0;line-height:1}.elementor-widget-heading .elementor-heading-title[class*=elementor-size-]>a{color:inherit;font-size:inherit;line-height:inherit}.elementor-widget-heading .elementor-heading-title.elementor-size-small{font-size:15px}.elementor-widget-heading .elementor-heading-title.elementor-size-medium{font-size:19px}.elementor-widget-heading .elementor-heading-title.elementor-size-large{font-size:29px}.elementor-widget-heading .elementor-heading-title.elementor-size-xl{font-size:39px}.elementor-widget-heading .elementor-heading-title.elementor-size-xxl{font-size:59px}<\/style><h2 class=\"elementor-heading-title elementor-size-default\">Choisissez  votre  PIDZA<\/h2>\t\t<\/div>\n\t\t\t\t<\/div>\n\t\t\t\t<\/div>\n\t\t<div class=\"elementor-element elementor-element-d654987 e-con-full e-flex e-con e-parent\" data-id=\"d654987\" data-element_type=\"container\" data-settings=\"{&quot;content_width&quot;:&quot;full&quot;}\" data-core-v316-plus=\"true\">\n\t\t<div class=\"elementor-element elementor-element-2fdf23c e-con-full e-flex e-con e-child\" data-id=\"2fdf23c\" data-element_type=\"container\" data-settings=\"{&quot;content_width&quot;:&quot;full&quot;}\">\n\t\t\t\t<div class=\"elementor-element elementor-element-978347a elementor-widget elementor-widget-image\" data-id=\"978347a\" data-element_type=\"widget\" data-widget_type=\"image.default\">\n\t\t\t\t<div class=\"elementor-widget-container\">\n\t\t\t<style>\/*! elementor - v3.17.0 - 01-11-2023 *\/\n.elementor-widget-image{text-align:center}.elementor-widget-image a{display:inline-block}.elementor-widget-image a img[src$=\".svg\"]{width:48px}.elementor-widget-image img{vertical-align:middle;display:inline-block}<\/style>\t\t\t\t\t\t\t\t\t\t\t\t<img fetchpriority=\"high\" decoding=\"async\" width=\"580\" height=\"580\" src=\"https:\/\/pidza.fr\/wp-content\/uploads\/2023\/11\/tarif-1024x1024.png\" class=\"attachment-large size-large wp-image-237\" alt=\"\" srcset=\"https:\/\/pidza.fr\/wp-content\/uploads\/2023\/11\/tarif-1024x1024.png 1024w, https:\/\/pidza.fr\/wp-content\/uploads\/2023\/11\/tarif-300x300.png 300w, https:\/\/pidza.fr\/wp-content\/uploads\/2023\/11\/tarif-150x150.png 150w, https:\/\/pidza.fr\/wp-content\/uploads\/2023\/11\/tarif-768x768.png 768w, https:\/\/pidza.fr\/wp-content\/uploads\/2023\/11\/tarif-1200x1200.png 1200w, https:\/\/pidza.fr\/wp-content\/uploads\/2023\/11\/tarif.png 1280w\" sizes=\"(max-width: 580px) 100vw, 580px\" \/>\t\t\t\t\t\t\t\t\t\t\t\t\t\t\t<\/div>\n\t\t\t\t<\/div>\n\t\t\t\t<\/div>\n\t\t\t\t<div class=\"elementor-element elementor-element-38b4b18 eael-pricing-content-align-center eael-pricing-button-align-center elementor-widget elementor-widget-eael-pricing-table\" data-id=\"38b4b18\" data-element_type=\"widget\" data-widget_type=\"eael-pricing-table.default\">\n\t\t\t\t<div class=\"elementor-widget-container\">\n\t\t\t                    <div class=\"eael-pricing style-1\"  style=\"overflow: hidden;\">\n                <div class=\"eael-pricing-item featured ribbon-4\">\n                    <div class=\"header\">\n                        <h2 class=\"title\">Startup<\/h2>\n                    <\/div>\n                    <div class=\"eael-pricing-tag\">\n                        <span class=\"price-tag\"><span class=\"original-price\">99,00 <span class=\"price-currency\">\u20ac HT<\/span>\n                    <\/span><\/span>\n                        <span class=\"price-period\">\/ mois<\/span>\n                    <\/div>\n                    <div class=\"body\">\n                                <ul>\n                            <li class=\"elementor-repeater-item-9ab12ea\">\n                    \n                                \n            <span class=\"li-icon\" style=\"color:#00C853;fill:#00C853;\" >\n                                                            <i class=\"fas fa-check\"><\/i>\n                                                <\/span>\n\n        \n                    <span >Mise en ligne du site avec votre charte graphique<\/span>\n                    \n                     \n                <\/li>\n                            <li class=\"elementor-repeater-item-a314734\">\n                    \n                                \n            <span class=\"li-icon\" style=\"color:#00C853;fill:#00C853;\" >\n                                                            <i class=\"fas fa-check\"><\/i>\n                                                <\/span>\n\n        \n                    <span >Acc\u00e8s \u00e0 toutes les Fonctionnalit\u00e9s<\/span>\n                    \n                     \n                <\/li>\n                            <li class=\"elementor-repeater-item-70d4602\">\n                    \n                                \n            <span class=\"li-icon\" style=\"color:#00C853;fill:#00C853;\" >\n                                                            <i class=\"fas fa-check\"><\/i>\n                                                <\/span>\n\n        \n                    <span >Support Technique &amp; Assistance<\/span>\n                    \n                     \n                <\/li>\n                    <\/ul>\n                        <\/div>\n\t                                    <div class=\"footer\">\n                        <a class=\"eael-pricing-button\" href=\"https:\/\/pidza.fr\/index.php\/contacts\/\" >\n                                                                                            Contactez nous                                                    <\/a>\n                    <\/div>\n                                    <\/div>\n            <\/div>\n                \t\t<\/div>\n\t\t\t\t<\/div>\n\t\t\t\t<div class=\"elementor-element elementor-element-0ad030c eael-pricing-content-align-center eael-pricing-button-align-center elementor-widget elementor-widget-eael-pricing-table\" data-id=\"0ad030c\" data-element_type=\"widget\" data-widget_type=\"eael-pricing-table.default\">\n\t\t\t\t<div class=\"elementor-widget-container\">\n\t\t\t                    <div class=\"eael-pricing style-1\"  style=\"overflow: hidden;\">\n                <div class=\"eael-pricing-item featured ribbon-4\">\n                    <div class=\"header\">\n                        <h2 class=\"title\">Premiun<\/h2>\n                    <\/div>\n                    <div class=\"eael-pricing-tag\">\n                        <span class=\"price-tag\"><span class=\"original-price\">149,00 <span class=\"price-currency\">\u20ac HT<\/span>\n                    <\/span><\/span>\n                        <span class=\"price-period\">\/ mois<\/span>\n                    <\/div>\n                    <div class=\"body\">\n                                <ul>\n                            <li class=\"elementor-repeater-item-9ab12ea\">\n                    \n                                \n            <span class=\"li-icon\" style=\"color:#00C853;fill:#00C853;\" >\n                                                            <i class=\"fas fa-check\"><\/i>\n                                                <\/span>\n\n        \n                    <span >Mise en ligne du site avec votre charte graphique<\/span>\n                    \n                     \n                <\/li>\n                            <li class=\"elementor-repeater-item-a314734\">\n                    \n                                \n            <span class=\"li-icon\" style=\"color:#00C853;fill:#00C853;\" >\n                                                            <i class=\"fas fa-check\"><\/i>\n                                                <\/span>\n\n        \n                    <span >Acc\u00e8s \u00e0 toutes les Fonctionnalit\u00e9s<\/span>\n                    \n                     \n                <\/li>\n                            <li class=\"elementor-repeater-item-70d4602\">\n                    \n                                \n            <span class=\"li-icon\" style=\"color:#00C853;fill:#00C853;\" >\n                                                            <i class=\"fas fa-check\"><\/i>\n                                                <\/span>\n\n        \n                    <span >Support Technique &amp; Assistance<\/span>\n                    \n                     \n                <\/li>\n                            <li class=\"elementor-repeater-item-5e47d31\">\n                    \n                                \n            <span class=\"li-icon\" style=\"color:#00C853;fill:#00C853;\" >\n                                                            <i class=\"fas fa-check\"><\/i>\n                                                <\/span>\n\n        \n                    <span >Connexion au r\u00e9seaux sociaux<\/span>\n                    \n                     \n                <\/li>\n                    <\/ul>\n                        <\/div>\n\t                                    <div class=\"footer\">\n                        <a class=\"eael-pricing-button\" href=\"https:\/\/pidza.fr\/index.php\/contacts\/\" >\n                                                                                            Contactez nous                                                    <\/a>\n                    <\/div>\n                                    <\/div>\n            <\/div>\n                \t\t<\/div>\n\t\t\t\t<\/div>\n\t\t\t\t<div class=\"elementor-element elementor-element-91762dc eael-pricing-content-align-center eael-pricing-button-align-center elementor-widget elementor-widget-eael-pricing-table\" data-id=\"91762dc\" data-element_type=\"widget\" data-widget_type=\"eael-pricing-table.default\">\n\t\t\t\t<div class=\"elementor-widget-container\">\n\t\t\t                    <div class=\"eael-pricing style-1\"  style=\"overflow: hidden;\">\n                <div class=\"eael-pricing-item featured ribbon-4\">\n                    <div class=\"header\">\n                        <h2 class=\"title\">Extra<\/h2>\n                    <\/div>\n                    <div class=\"eael-pricing-tag\">\n                        <span class=\"price-tag\"><span class=\"original-price\">259,00 <span class=\"price-currency\">\u20ac HT<\/span>\n                    <\/span><\/span>\n                        <span class=\"price-period\">\/ mois<\/span>\n                    <\/div>\n                    <div class=\"body\">\n                                <ul>\n                            <li class=\"elementor-repeater-item-9ab12ea\">\n                    \n                                \n            <span class=\"li-icon\" style=\"color:#00C853;fill:#00C853;\" >\n                                                            <i class=\"fas fa-check\"><\/i>\n                                                <\/span>\n\n        \n                    <span >Mise en ligne du site avec votre charte graphique<\/span>\n                    \n                     \n                <\/li>\n                            <li class=\"elementor-repeater-item-a314734\">\n                    \n                                \n            <span class=\"li-icon\" style=\"color:#00C853;fill:#00C853;\" >\n                                                            <i class=\"fas fa-check\"><\/i>\n                                                <\/span>\n\n        \n                    <span >Acc\u00e8s \u00e0 toutes les Fonctionnalit\u00e9s<\/span>\n                    \n                     \n                <\/li>\n                            <li class=\"elementor-repeater-item-70d4602\">\n                    \n                                \n            <span class=\"li-icon\" style=\"color:#00C853;fill:#00C853;\" >\n                                                            <i class=\"fas fa-check\"><\/i>\n                                                <\/span>\n\n        \n                    <span >Support Technique &amp; Assistance<\/span>\n                    \n                     \n                <\/li>\n                            <li class=\"elementor-repeater-item-5e47d31\">\n                    \n                                \n            <span class=\"li-icon\" style=\"color:#00C853;fill:#00C853;\" >\n                                                            <i class=\"fas fa-check\"><\/i>\n                                                <\/span>\n\n        \n                    <span >Connexion au r\u00e9seaux sociaux<\/span>\n                    \n                     \n                <\/li>\n                            <li class=\"elementor-repeater-item-0dac8df\">\n                    \n                                \n            <span class=\"li-icon\" style=\"color:#00C853;fill:#00C853;\" >\n                                                            <i class=\"fas fa-check\"><\/i>\n                                                <\/span>\n\n        \n                    <span >Graphisme sur mesure pour vos promotions,<\/br> retouches de vos photos, <\/br>mise en ligne<\/span>\n                    \n                     \n                <\/li>\n                            <li class=\"elementor-repeater-item-d6af13a\">\n                    \n                                \n            <span class=\"li-icon\" style=\"color:#00C853;fill:#00C853;\" >\n                                                            <i class=\"fas fa-check\"><\/i>\n                                                <\/span>\n\n        \n                    <span >QRCODE pour la collecte de vos avis<\/span>\n                    \n                     \n                <\/li>\n                    <\/ul>\n                        <\/div>\n\t                                    <div class=\"footer\">\n                        <a class=\"eael-pricing-button\" href=\"https:\/\/pidza.fr\/index.php\/contacts\/\" >\n                                                                                            Contactez nous                                                    <\/a>\n                    <\/div>\n                                    <\/div>\n            <\/div>\n                \t\t<\/div>\n\t\t\t\t<\/div>\n\t\t\t\t<\/div>\n\t\t<div class=\"elementor-element elementor-element-40f2e17 e-flex e-con-boxed e-con e-parent\" data-id=\"40f2e17\" data-element_type=\"container\" data-settings=\"{&quot;content_width&quot;:&quot;boxed&quot;}\" data-core-v316-plus=\"true\">\n\t\t\t\t\t<div class=\"e-con-inner\">\n\t\t\t\t<div class=\"elementor-element elementor-element-1ca94ba elementor-widget elementor-widget-image\" data-id=\"1ca94ba\" data-element_type=\"widget\" data-widget_type=\"image.default\">\n\t\t\t\t<div class=\"elementor-widget-container\">\n\t\t\t\t\t\t\t\t\t\t\t\t\t\t\t<img decoding=\"async\" width=\"580\" height=\"387\" src=\"https:\/\/pidza.fr\/wp-content\/uploads\/2023\/11\/close-up-hand-holding-phone-menu-ligne-1024x683.jpg\" class=\"attachment-large size-large wp-image-238\" alt=\"\" srcset=\"https:\/\/pidza.fr\/wp-content\/uploads\/2023\/11\/close-up-hand-holding-phone-menu-ligne-1024x683.jpg 1024w, https:\/\/pidza.fr\/wp-content\/uploads\/2023\/11\/close-up-hand-holding-phone-menu-ligne-300x200.jpg 300w, https:\/\/pidza.fr\/wp-content\/uploads\/2023\/11\/close-up-hand-holding-phone-menu-ligne-768x512.jpg 768w, https:\/\/pidza.fr\/wp-content\/uploads\/2023\/11\/close-up-hand-holding-phone-menu-ligne-1536x1024.jpg 1536w, https:\/\/pidza.fr\/wp-content\/uploads\/2023\/11\/close-up-hand-holding-phone-menu-ligne-2048x1365.jpg 2048w, https:\/\/pidza.fr\/wp-content\/uploads\/2023\/11\/close-up-hand-holding-phone-menu-ligne-1200x800.jpg 1200w, https:\/\/pidza.fr\/wp-content\/uploads\/2023\/11\/close-up-hand-holding-phone-menu-ligne-1980x1320.jpg 1980w\" sizes=\"(max-width: 580px) 100vw, 580px\" \/>\t\t\t\t\t\t\t\t\t\t\t\t\t\t\t<\/div>\n\t\t\t\t<\/div>\n\t\t\t\t\t<\/div>\n\t\t\t\t<\/div>\n\t\t\t\t\t\t\t<\/div>\n\t\t","protected":false},"excerpt":{"rendered":"<p>Choisissez votre PIDZA Startup 99,00 \u20ac HT \/ mois Mise en ligne du site avec votre charte graphique Acc\u00e8s \u00e0 toutes les Fonctionnalit\u00e9s Support Technique &amp; Assistance Contactez nous Premiun 149,00 \u20ac HT \/ mois Mise en ligne du site avec votre charte graphique Acc\u00e8s \u00e0 toutes les Fonctionnalit\u00e9s Support Technique &amp; Assistance Connexion au [&hellip;]<\/p>\n","protected":false},"author":1,"featured_media":0,"parent":0,"menu_order":0,"comment_status":"closed","ping_status":"closed","template":"","meta":{"footnotes":""},"class_list":["post-73","page","type-page","status-publish","hentry"],"_links":{"self":[{"href":"https:\/\/pidza.fr\/index.php\/wp-json\/wp\/v2\/pages\/73","targetHints":{"allow":["GET"]}}],"collection":[{"href":"https:\/\/pidza.fr\/index.php\/wp-json\/wp\/v2\/pages"}],"about":[{"href":"https:\/\/pidza.fr\/index.php\/wp-json\/wp\/v2\/types\/page"}],"author":[{"embeddable":true,"href":"https:\/\/pidza.fr\/index.php\/wp-json\/wp\/v2\/users\/1"}],"replies":[{"embeddable":true,"href":"https:\/\/pidza.fr\/index.php\/wp-json\/wp\/v2\/comments?post=73"}],"version-history":[{"count":13,"href":"https:\/\/pidza.fr\/index.php\/wp-json\/wp\/v2\/pages\/73\/revisions"}],"predecessor-version":[{"id":244,"href":"https:\/\/pidza.fr\/index.php\/wp-json\/wp\/v2\/pages\/73\/revisions\/244"}],"wp:attachment":[{"href":"https:\/\/pidza.fr\/index.php\/wp-json\/wp\/v2\/media?parent=73"}],"curies":[{"name":"wp","href":"https:\/\/api.w.org\/{rel}","templated":true}]}}