{"id":74,"date":"2023-11-03T17:22:22","date_gmt":"2023-11-03T16:22:22","guid":{"rendered":"http:\/\/pidza.fr\/?page_id=74"},"modified":"2023-11-08T19:40:03","modified_gmt":"2023-11-08T18:40:03","slug":"demo","status":"publish","type":"page","link":"https:\/\/pidza.fr\/index.php\/demo\/","title":{"rendered":"DEMO"},"content":{"rendered":"\t\t<div data-elementor-type=\"wp-page\" data-elementor-id=\"74\" class=\"elementor elementor-74\" data-elementor-post-type=\"page\">\n\t\t\t\t\t\t\t<div class=\"elementor-element elementor-element-43a58c6 e-con-full e-flex e-con e-parent\" data-id=\"43a58c6\" data-element_type=\"container\" data-settings=\"{&quot;content_width&quot;:&quot;full&quot;}\" data-core-v316-plus=\"true\">\n\t\t<div class=\"elementor-element elementor-element-7bf7c4c e-con-full e-flex e-con e-child\" data-id=\"7bf7c4c\" data-element_type=\"container\" data-settings=\"{&quot;content_width&quot;:&quot;full&quot;}\">\n\t\t\t\t<div class=\"elementor-element elementor-element-0e646eb elementor-widget elementor-widget-image\" data-id=\"0e646eb\" data-element_type=\"widget\" data-widget_type=\"image.default\">\n\t\t\t\t<div class=\"elementor-widget-container\">\n\t\t\t<style>\/*! elementor - v3.17.0 - 01-11-2023 *\/\n.elementor-widget-image{text-align:center}.elementor-widget-image a{display:inline-block}.elementor-widget-image a img[src$=\".svg\"]{width:48px}.elementor-widget-image img{vertical-align:middle;display:inline-block}<\/style>\t\t\t\t\t\t\t\t\t\t\t\t<img fetchpriority=\"high\" decoding=\"async\" width=\"340\" height=\"413\" src=\"https:\/\/pidza.fr\/wp-content\/uploads\/2023\/11\/logo-demo.png\" class=\"attachment-large size-large wp-image-245\" alt=\"\" srcset=\"https:\/\/pidza.fr\/wp-content\/uploads\/2023\/11\/logo-demo.png 340w, https:\/\/pidza.fr\/wp-content\/uploads\/2023\/11\/logo-demo-247x300.png 247w\" sizes=\"(max-width: 340px) 100vw, 340px\" \/>\t\t\t\t\t\t\t\t\t\t\t\t\t\t\t<\/div>\n\t\t\t\t<\/div>\n\t\t\t\t<\/div>\n\t\t<div class=\"elementor-element elementor-element-fcd3781 e-con-full e-flex e-con e-child\" data-id=\"fcd3781\" data-element_type=\"container\" data-settings=\"{&quot;content_width&quot;:&quot;full&quot;}\">\n\t\t\t\t<div class=\"elementor-element elementor-element-9fab4f3 elementor-widget elementor-widget-heading\" data-id=\"9fab4f3\" data-element_type=\"widget\" data-widget_type=\"heading.default\">\n\t\t\t\t<div class=\"elementor-widget-container\">\n\t\t\t<style>\/*! elementor - v3.17.0 - 01-11-2023 *\/\n.elementor-heading-title{padding:0;margin:0;line-height:1}.elementor-widget-heading .elementor-heading-title[class*=elementor-size-]>a{color:inherit;font-size:inherit;line-height:inherit}.elementor-widget-heading .elementor-heading-title.elementor-size-small{font-size:15px}.elementor-widget-heading .elementor-heading-title.elementor-size-medium{font-size:19px}.elementor-widget-heading .elementor-heading-title.elementor-size-large{font-size:29px}.elementor-widget-heading .elementor-heading-title.elementor-size-xl{font-size:39px}.elementor-widget-heading .elementor-heading-title.elementor-size-xxl{font-size:59px}<\/style><h2 class=\"elementor-heading-title elementor-size-default\">Passons \u00e0 la d\u00e9mo !<\/h2>\t\t<\/div>\n\t\t\t\t<\/div>\n\t\t\t\t<div class=\"elementor-element elementor-element-35f5501 elementor-align-center elementor-widget elementor-widget-button\" data-id=\"35f5501\" data-element_type=\"widget\" data-widget_type=\"button.default\">\n\t\t\t\t<div class=\"elementor-widget-container\">\n\t\t\t\t\t<div class=\"elementor-button-wrapper\">\n\t\t\t<a class=\"elementor-button elementor-button-link elementor-size-md elementor-animation-pulse-grow\" href=\"https:\/\/pidza.fr\/demo\">\n\t\t\t\t\t\t<span class=\"elementor-button-content-wrapper\">\n\t\t\t\t\t\t<span class=\"elementor-button-icon elementor-align-icon-left\">\n\t\t\t\t<i aria-hidden=\"true\" class=\"far fa-hand-point-up\"><\/i>\t\t\t<\/span>\n\t\t\t\t\t\t<span class=\"elementor-button-text\">Cliquez ici<\/span>\n\t\t<\/span>\n\t\t\t\t\t<\/a>\n\t\t<\/div>\n\t\t\t\t<\/div>\n\t\t\t\t<\/div>\n\t\t\t\t<\/div>\n\t\t\t\t<\/div>\n\t\t<div class=\"elementor-element elementor-element-c910cec e-con-full e-flex e-con e-parent\" data-id=\"c910cec\" data-element_type=\"container\" data-settings=\"{&quot;content_width&quot;:&quot;full&quot;}\" data-core-v316-plus=\"true\">\n\t\t\t\t<div class=\"elementor-element elementor-element-607bd5f elementor-widget elementor-widget-text-editor\" data-id=\"607bd5f\" data-element_type=\"widget\" data-widget_type=\"text-editor.default\">\n\t\t\t\t<div class=\"elementor-widget-container\">\n\t\t\t<style>\/*! elementor - v3.17.0 - 01-11-2023 *\/\n.elementor-widget-text-editor.elementor-drop-cap-view-stacked .elementor-drop-cap{background-color:#69727d;color:#fff}.elementor-widget-text-editor.elementor-drop-cap-view-framed .elementor-drop-cap{color:#69727d;border:3px solid;background-color:transparent}.elementor-widget-text-editor:not(.elementor-drop-cap-view-default) .elementor-drop-cap{margin-top:8px}.elementor-widget-text-editor:not(.elementor-drop-cap-view-default) .elementor-drop-cap-letter{width:1em;height:1em}.elementor-widget-text-editor .elementor-drop-cap{float:left;text-align:center;line-height:1;font-size:50px}.elementor-widget-text-editor .elementor-drop-cap-letter{display:inline-block}<\/style>\t\t\t\tPr\u00eat \u00e0 booster votre activit\u00e9 ? Plongez dans l&#8217;avenir du service de restauration avec notre plateforme de vente \u00e0 emporter ! <\/br><\/br>D\u00e9couvrez la simplicit\u00e9 de la gestion des commandes en ligne et lib\u00e9rez-vous des tracas logistiques.<\/br><\/br>Maximisez vos ventes et offrez \u00e0 vos clients une exp\u00e9rience de commande fluide.<\/br><\/br>Essayez d\u00e8s aujourd&#8217;hui pour voir comment Pidza.fr peut propulser votre succ\u00e8s !\t\t\t\t\t\t<\/div>\n\t\t\t\t<\/div>\n\t\t\t\t<\/div>\n\t\t<div class=\"elementor-element elementor-element-03c600b e-con-full e-flex e-con e-parent\" data-id=\"03c600b\" data-element_type=\"container\" data-settings=\"{&quot;content_width&quot;:&quot;full&quot;}\" data-core-v316-plus=\"true\">\n\t\t\t\t<div class=\"elementor-element elementor-element-42bb26d elementor-widget elementor-widget-image\" data-id=\"42bb26d\" data-element_type=\"widget\" data-widget_type=\"image.default\">\n\t\t\t\t<div class=\"elementor-widget-container\">\n\t\t\t\t\t\t\t\t\t\t\t\t\t\t\t<img decoding=\"async\" width=\"580\" height=\"632\" src=\"https:\/\/pidza.fr\/wp-content\/uploads\/2023\/11\/24198-940x1024.jpg\" class=\"attachment-large size-large wp-image-247\" alt=\"\" srcset=\"https:\/\/pidza.fr\/wp-content\/uploads\/2023\/11\/24198-940x1024.jpg 940w, https:\/\/pidza.fr\/wp-content\/uploads\/2023\/11\/24198-276x300.jpg 276w, https:\/\/pidza.fr\/wp-content\/uploads\/2023\/11\/24198-768x836.jpg 768w, https:\/\/pidza.fr\/wp-content\/uploads\/2023\/11\/24198-1411x1536.jpg 1411w, https:\/\/pidza.fr\/wp-content\/uploads\/2023\/11\/24198-1881x2048.jpg 1881w, https:\/\/pidza.fr\/wp-content\/uploads\/2023\/11\/24198-1200x1307.jpg 1200w, https:\/\/pidza.fr\/wp-content\/uploads\/2023\/11\/24198-1980x2156.jpg 1980w\" sizes=\"(max-width: 580px) 100vw, 580px\" \/>\t\t\t\t\t\t\t\t\t\t\t\t\t\t\t<\/div>\n\t\t\t\t<\/div>\n\t\t\t\t<\/div>\n\t\t\t\t\t\t\t<\/div>\n\t\t","protected":false},"excerpt":{"rendered":"<p>Passons \u00e0 la d\u00e9mo ! Cliquez ici Pr\u00eat \u00e0 booster votre activit\u00e9 ? Plongez dans l&#8217;avenir du service de restauration avec notre plateforme de vente \u00e0 emporter ! D\u00e9couvrez la simplicit\u00e9 de la gestion des commandes en ligne et lib\u00e9rez-vous des tracas logistiques.Maximisez vos ventes et offrez \u00e0 vos clients une exp\u00e9rience de commande fluide.Essayez [&hellip;]<\/p>\n","protected":false},"author":1,"featured_media":0,"parent":0,"menu_order":0,"comment_status":"closed","ping_status":"closed","template":"","meta":{"footnotes":""},"class_list":["post-74","page","type-page","status-publish","hentry"],"_links":{"self":[{"href":"https:\/\/pidza.fr\/index.php\/wp-json\/wp\/v2\/pages\/74","targetHints":{"allow":["GET"]}}],"collection":[{"href":"https:\/\/pidza.fr\/index.php\/wp-json\/wp\/v2\/pages"}],"about":[{"href":"https:\/\/pidza.fr\/index.php\/wp-json\/wp\/v2\/types\/page"}],"author":[{"embeddable":true,"href":"https:\/\/pidza.fr\/index.php\/wp-json\/wp\/v2\/users\/1"}],"replies":[{"embeddable":true,"href":"https:\/\/pidza.fr\/index.php\/wp-json\/wp\/v2\/comments?post=74"}],"version-history":[{"count":4,"href":"https:\/\/pidza.fr\/index.php\/wp-json\/wp\/v2\/pages\/74\/revisions"}],"predecessor-version":[{"id":250,"href":"https:\/\/pidza.fr\/index.php\/wp-json\/wp\/v2\/pages\/74\/revisions\/250"}],"wp:attachment":[{"href":"https:\/\/pidza.fr\/index.php\/wp-json\/wp\/v2\/media?parent=74"}],"curies":[{"name":"wp","href":"https:\/\/api.w.org\/{rel}","templated":true}]}}